{"id":300,"date":"2019-05-21T16:20:26","date_gmt":"2019-05-21T16:20:26","guid":{"rendered":"https:\/\/www.athenadesignstudio.com\/themes\/angora-wp\/?page_id=33"},"modified":"2021-02-14T16:29:03","modified_gmt":"2021-02-14T16:29:03","slug":"clients-3","status":"publish","type":"page","link":"http:\/\/pluso2urban.com\/index.php\/clients-3\/","title":{"rendered":"COLORES"},"content":{"rendered":"<p>[vc_row][vc_column]<div class=\"section-title  text-center\"><h2 data-bigletter=\"C\">COLORES<\/h2><hr><p>PLUSO2URBAN<\/p><\/div>[\/vc_column][\/vc_row][vc_row gap=&#8221;1&#8243;][vc_column width=&#8221;1\/5&#8243;][vc_single_image image=&#8221;834&#8243; img_size=&#8221;medium&#8221; alignment=&#8221;center&#8221; css_animation=&#8221;fadeInDown&#8221;][vc_column_text]<\/p>\n<p style=\"text-align: center;\">REF. 0002<\/p>\n<p>[\/vc_column_text][\/vc_column][vc_column width=&#8221;1\/5&#8243;][vc_single_image image=&#8221;831&#8243; img_size=&#8221;medium&#8221; alignment=&#8221;center&#8221; css_animation=&#8221;fadeInDown&#8221;][vc_column_text]<\/p>\n<p style=\"text-align: center;\">REF. 0003<\/p>\n<p>[\/vc_column_text][\/vc_column][vc_column width=&#8221;1\/5&#8243;][vc_single_image image=&#8221;832&#8243; img_size=&#8221;medium&#8221; alignment=&#8221;center&#8221; css_animation=&#8221;fadeInDown&#8221;][vc_column_text]<\/p>\n<p style=\"text-align: center;\">REF. 0004<\/p>\n<p>[\/vc_column_text][\/vc_column][vc_column width=&#8221;1\/5&#8243;][vc_single_image image=&#8221;830&#8243; img_size=&#8221;medium&#8221; alignment=&#8221;center&#8221; css_animation=&#8221;fadeInDown&#8221;][vc_column_text]<\/p>\n<p style=\"text-align: center;\">REF. 0005<\/p>\n<p>[\/vc_column_text][\/vc_column][vc_column width=&#8221;1\/5&#8243;][vc_single_image image=&#8221;833&#8243; img_size=&#8221;medium&#8221; alignment=&#8221;center&#8221; css_animation=&#8221;fadeInDown&#8221;][vc_column_text]<\/p>\n<p style=\"text-align: center;\">REF. 0006<\/p>\n<p>[\/vc_column_text][\/vc_column][\/vc_row][vc_row][vc_column][vc_row_inner][vc_column_inner][vc_separator][\/vc_column_inner][\/vc_row_inner][vc_row_inner][vc_column_inner][vc_single_image image=&#8221;667&#8243;][\/vc_column_inner][\/vc_row_inner][\/vc_column][\/vc_row][vc_row][vc_column]<div class=\"section-title  text-center\"><h2 data-bigletter=\"P\">PEDIDOS<\/h2><\/div>[\/vc_column][\/vc_row][vc_row][vc_column css_animation=&#8221;fadeInDown&#8221; width=&#8221;1\/5&#8243;][vc_icon type=&#8221;entypo&#8221; icon_entypo=&#8221;entypo-icon entypo-icon-basket&#8221; color=&#8221;green&#8221; size=&#8221;lg&#8221; link=&#8221;url:http%3A%2F%2Fpluso2urban.com%2Findex.php%2Fcontacta_1%2F|title:CONTACTA||&#8221;][\/vc_column][vc_column css_animation=&#8221;fadeInDown&#8221; width=&#8221;1\/5&#8243;][vc_column_text]Para realizar pedido de mascaras PLUSO2URBAN por favor env\u00edenos un email . Les facilitaremos coste de env\u00edo y plazo de entrega.[\/vc_column_text][\/vc_column][vc_column width=&#8221;1\/5&#8243;][\/vc_column][vc_column css_animation=&#8221;fadeInDown&#8221; width=&#8221;1\/5&#8243;][vc_icon icon_fontawesome=&#8221;fas fa-truck&#8221; color=&#8221;green&#8221; size=&#8221;lg&#8221; link=&#8221;url:http%3A%2F%2Fpluso2urban.com%2Findex.php%2Fcontacta_1%2F|title:CONTACTA||&#8221;][\/vc_column][vc_column css_animation=&#8221;fadeInRight&#8221; width=&#8221;1\/5&#8243;][vc_column_text]Cons\u00faltenos los precios para grandes vol\u00famenes.<br \/>\nEn pedidos superiores a 2000 unidades y un peque\u00f1o coste adicional se podr\u00edan personalizar los colores de las m\u00e1scaras.[\/vc_column_text][\/vc_column][\/vc_row][vc_row content_placement=&#8221;middle&#8221;][vc_column width=&#8221;1\/4&#8243;][\/vc_column][vc_column width=&#8221;1\/4&#8243;][vc_single_image image=&#8221;939&#8243; img_size=&#8221;medium&#8221; css_animation=&#8221;fadeInDown&#8221;][\/vc_column][vc_column width=&#8221;1\/4&#8243;]<div class=\"section-title  text-left\"><h2 data-bigletter=\"\"><\/h2><hr><p>CAJA DE 30 FILTROS<\/p><\/div>[\/vc_column][vc_column width=&#8221;1\/4&#8243;][\/vc_column][\/vc_row]<\/p>\n","protected":false},"excerpt":{"rendered":"<p>[vc_row][vc_column][\/vc_column][\/vc_row][vc_row gap=&#8221;1&#8243;][vc_column width=&#8221;1\/5&#8243;][vc_single_image image=&#8221;834&#8243; img_size=&#8221;medium&#8221; alignment=&#8221;center&#8221; css_animation=&#8221;fadeInDown&#8221;][vc_column_text] REF. 0002 [\/vc_column_text][\/vc_column][vc_column width=&#8221;1\/5&#8243;][vc_single_image image=&#8221;831&#8243; img_size=&#8221;medium&#8221; alignment=&#8221;center&#8221; css_animation=&#8221;fadeInDown&#8221;][vc_column_text] REF. 0003 [\/vc_column_text][\/vc_column][vc_column width=&#8221;1\/5&#8243;][vc_single_image image=&#8221;832&#8243; img_size=&#8221;medium&#8221; alignment=&#8221;center&#8221; css_animation=&#8221;fadeInDown&#8221;][vc_column_text] REF. 0004 [\/vc_column_text][\/vc_column][vc_column width=&#8221;1\/5&#8243;][vc_single_image image=&#8221;830&#8243; img_size=&#8221;medium&#8221; alignment=&#8221;center&#8221; css_animation=&#8221;fadeInDown&#8221;][vc_column_text] REF. 0005 [\/vc_column_text][\/vc_column][vc_column width=&#8221;1\/5&#8243;][vc_single_image image=&#8221;833&#8243; img_size=&#8221;medium&#8221; alignment=&#8221;center&#8221; css_animation=&#8221;fadeInDown&#8221;][vc_column_text] REF. 0006 [\/vc_column_text][\/vc_column][\/vc_row][vc_row][vc_column][vc_row_inner][vc_column_inner][vc_separator][\/vc_column_inner][\/vc_row_inner][vc_row_inner][vc_column_inner][vc_single_image image=&#8221;667&#8243;][\/vc_column_inner][\/vc_row_inner][\/vc_column][\/vc_row][vc_row][vc_column][\/vc_column][\/vc_row][vc_row][vc_column css_animation=&#8221;fadeInDown&#8221; width=&#8221;1\/5&#8243;][vc_icon type=&#8221;entypo&#8221; icon_entypo=&#8221;entypo-icon entypo-icon-basket&#8221; color=&#8221;green&#8221; size=&#8221;lg&#8221; link=&#8221;url:http%3A%2F%2Fpluso2urban.com%2Findex.php%2Fcontacta_1%2F|title:CONTACTA||&#8221;][\/vc_column][vc_column css_animation=&#8221;fadeInDown&#8221; width=&#8221;1\/5&#8243;][vc_column_text]Para realizar pedido [&hellip;]<\/p>\n","protected":false},"author":1,"featured_media":0,"parent":0,"menu_order":0,"comment_status":"closed","ping_status":"closed","template":"","meta":{"footnotes":""},"class_list":["post-300","page","type-page","status-publish","hentry"],"_links":{"self":[{"href":"http:\/\/pluso2urban.com\/index.php\/wp-json\/wp\/v2\/pages\/300","targetHints":{"allow":["GET"]}}],"collection":[{"href":"http:\/\/pluso2urban.com\/index.php\/wp-json\/wp\/v2\/pages"}],"about":[{"href":"http:\/\/pluso2urban.com\/index.php\/wp-json\/wp\/v2\/types\/page"}],"author":[{"embeddable":true,"href":"http:\/\/pluso2urban.com\/index.php\/wp-json\/wp\/v2\/users\/1"}],"replies":[{"embeddable":true,"href":"http:\/\/pluso2urban.com\/index.php\/wp-json\/wp\/v2\/comments?post=300"}],"version-history":[{"count":113,"href":"http:\/\/pluso2urban.com\/index.php\/wp-json\/wp\/v2\/pages\/300\/revisions"}],"predecessor-version":[{"id":1241,"href":"http:\/\/pluso2urban.com\/index.php\/wp-json\/wp\/v2\/pages\/300\/revisions\/1241"}],"wp:attachment":[{"href":"http:\/\/pluso2urban.com\/index.php\/wp-json\/wp\/v2\/media?parent=300"}],"curies":[{"name":"wp","href":"https:\/\/api.w.org\/{rel}","templated":true}]}}