{"id":247,"date":"2019-05-21T15:58:12","date_gmt":"2019-05-21T15:58:12","guid":{"rendered":"https:\/\/www.athenadesignstudio.com\/themes\/angora-wp\/?page_id=19"},"modified":"2021-02-13T17:02:51","modified_gmt":"2021-02-13T17:02:51","slug":"about","status":"publish","type":"page","link":"https:\/\/pluso2urban.com\/index.php\/about\/","title":{"rendered":"DESCRIPCI\u00d3N"},"content":{"rendered":"<p>[vc_row content_placement=&#8221;top&#8221; parallax=&#8221;content-moving-fade&#8221;][vc_column width=&#8221;1\/2&#8243; css=&#8221;.vc_custom_1590250230613{background-color: #ffffff !important;}&#8221;][vc_images_carousel images=&#8221;565,566,567,568,569,570&#8243; img_size=&#8221;550&#215;456&#8243; autoplay=&#8221;yes&#8221; hide_pagination_control=&#8221;yes&#8221; hide_prev_next_buttons=&#8221;yes&#8221; wrap=&#8221;yes&#8221;][\/vc_column][vc_column width=&#8221;1\/2&#8243;]<div class=\"row\"><div class=\"col-md-8 col-md-offset-2 col-xs-12\"><div class=\"section-title  text-left\"><h2 data-bigletter=\"D\">DESCRIPCI\u00d3N<\/h2><hr><p>PLUSO2URBAN es una m\u00e1scara filtrante semirr\u00edgida con encaje herm\u00e9tico que ofrece una gran protecci\u00f3n al usuario. Su sistema de filtros extra\u00edbles permite elegir distintos niveles de protecci\u00f3n respiratorias pudiendo elegir as\u00ed en cada momento el filtro que mejor se adapte a sus necesidades.<\/p><\/div><\/div><\/div>[\/vc_column][\/vc_row][vc_row][vc_column parallax=&#8221;content-moving&#8221;][vc_column_text]La m\u00e1scara PLUSO2 URBAN est\u00e1 fabricada con materiales muy resistentes y confortables siendo lavable, esterilizable y sin l\u00edmite de usos. El tama\u00f1o reducido de los filtros y la larga durabilidad de sus materiales convierte la m\u00e1scara de PLUSO2 URBAN en un producto comprometido con el medioambiente y asequible para el usuario.<\/p>\n<p class=\"p1\">PLUSO2URBAN es especialmente c\u00f3moda para un uso prolongado y extremo. No se mueve y gracias a su sistema de carcasa r\u00edgida no permite que el tejido filtrante se pegue a la boca del usuario.<\/p>\n<p>[\/vc_column_text][\/vc_column][\/vc_row][vc_row][vc_column][vc_btn title=&#8221;+ Info&#8221; style=&#8221;classic&#8221; shape=&#8221;square&#8221; link=&#8221;url:https%3A%2F%2Fwww.eurolab.com.tr%2Fes%2Ftestler%2Ftekstil-analizleri%2Fbfe-testi||target:%20_blank|&#8221;][\/vc_column][\/vc_row]<\/p>\n","protected":false},"excerpt":{"rendered":"<p>[vc_row content_placement=&#8221;top&#8221; parallax=&#8221;content-moving-fade&#8221;][vc_column width=&#8221;1\/2&#8243; css=&#8221;.vc_custom_1590250230613{background-color: #ffffff !important;}&#8221;][vc_images_carousel images=&#8221;565,566,567,568,569,570&#8243; img_size=&#8221;550&#215;456&#8243; autoplay=&#8221;yes&#8221; hide_pagination_control=&#8221;yes&#8221; hide_prev_next_buttons=&#8221;yes&#8221; wrap=&#8221;yes&#8221;][\/vc_column][vc_column width=&#8221;1\/2&#8243;][\/vc_column][\/vc_row][vc_row][vc_column parallax=&#8221;content-moving&#8221;][vc_column_text]La m\u00e1scara PLUSO2 URBAN est\u00e1 fabricada con materiales muy resistentes y confortables siendo lavable, esterilizable y sin l\u00edmite de usos. El tama\u00f1o reducido de los filtros y la larga durabilidad de sus materiales convierte la m\u00e1scara de PLUSO2 URBAN en un [&hellip;]<\/p>\n","protected":false},"author":1,"featured_media":553,"parent":0,"menu_order":1,"comment_status":"closed","ping_status":"closed","template":"","meta":{"footnotes":""},"class_list":["post-247","page","type-page","status-publish","has-post-thumbnail","hentry"],"_links":{"self":[{"href":"https:\/\/pluso2urban.com\/index.php\/wp-json\/wp\/v2\/pages\/247","targetHints":{"allow":["GET"]}}],"collection":[{"href":"https:\/\/pluso2urban.com\/index.php\/wp-json\/wp\/v2\/pages"}],"about":[{"href":"https:\/\/pluso2urban.com\/index.php\/wp-json\/wp\/v2\/types\/page"}],"author":[{"embeddable":true,"href":"https:\/\/pluso2urban.com\/index.php\/wp-json\/wp\/v2\/users\/1"}],"replies":[{"embeddable":true,"href":"https:\/\/pluso2urban.com\/index.php\/wp-json\/wp\/v2\/comments?post=247"}],"version-history":[{"count":52,"href":"https:\/\/pluso2urban.com\/index.php\/wp-json\/wp\/v2\/pages\/247\/revisions"}],"predecessor-version":[{"id":1226,"href":"https:\/\/pluso2urban.com\/index.php\/wp-json\/wp\/v2\/pages\/247\/revisions\/1226"}],"wp:featuredmedia":[{"embeddable":true,"href":"https:\/\/pluso2urban.com\/index.php\/wp-json\/wp\/v2\/media\/553"}],"wp:attachment":[{"href":"https:\/\/pluso2urban.com\/index.php\/wp-json\/wp\/v2\/media?parent=247"}],"curies":[{"name":"wp","href":"https:\/\/api.w.org\/{rel}","templated":true}]}}