{"id":745,"date":"2020-05-23T20:29:44","date_gmt":"2020-05-23T20:29:44","guid":{"rendered":"http:\/\/pluso2urban.com\/?page_id=745"},"modified":"2021-02-13T18:02:45","modified_gmt":"2021-02-13T18:02:45","slug":"recomendaciones","status":"publish","type":"page","link":"https:\/\/pluso2urban.com\/index.php\/recomendaciones\/","title":{"rendered":"RECOMENDACIONES"},"content":{"rendered":"<p>[vc_row][vc_column width=&#8221;3\/5&#8243;]<div class=\"section-title  text-left\"><h2 data-bigletter=\"R\">RECOMENDACIONES<\/h2><hr><p>PLUSO2URBAN<\/p><\/div>[vc_column_text]<strong><img loading=\"lazy\" decoding=\"async\" class=\"alignnone size-full wp-image-753\" src=\"http:\/\/pluso2urban.com\/wp-content\/uploads\/2020\/05\/circulo.png\" alt=\"\" width=\"15\" height=\"15\" \/> Cambio filtros:<\/strong> se recomienda su sustituci\u00f3n cada 8 horas de uso o 1 vez al d\u00eda.<\/p>\n<p><strong><img loading=\"lazy\" decoding=\"async\" class=\"alignnone size-full wp-image-753\" src=\"http:\/\/pluso2urban.com\/wp-content\/uploads\/2020\/05\/circulo.png\" alt=\"\" width=\"15\" height=\"15\" \/> PLUSO2URBAN<\/strong> es un producto resistente pero ante un uso a temperaturas extremas de fr\u00edo o calor, puede experimentar cambios que afecten a su estructura. En caso de deformaci\u00f3n de la m\u00e1scara o sus componentes que genere desajustes de su forma de f\u00e1brica, abst\u00e9ngase de su uso.<\/p>\n<p><strong><img loading=\"lazy\" decoding=\"async\" class=\"alignnone size-full wp-image-753\" src=\"http:\/\/pluso2urban.com\/wp-content\/uploads\/2020\/05\/circulo.png\" alt=\"\" width=\"15\" height=\"15\" \/> <\/strong>El uso normal de<strong> PLUSO2URBAN <\/strong>no plantea contraindicaciones o efectos secundarios conocidos, teniendo un uso conforme a su destino, el filtrado de part\u00edculas bacterias y elementos nocivos respirables del aire. Si se experimenta cualquier sensaci\u00f3n no habitual, dificultad respiratoria, aceleraci\u00f3n del ritmo card\u00edaco por encima de lo habitual ante esfuerzos similares, mareo, cefalea, o cualquier otro s\u00edntoma an\u00e1logo, se recomienda suspender el uso de inmediato y ponerse en manos de facultativo m\u00e9dico que diagnostique la sintomatolog\u00eda.<\/p>\n<p><strong><img loading=\"lazy\" decoding=\"async\" class=\"alignnone size-full wp-image-753\" src=\"http:\/\/pluso2urban.com\/wp-content\/uploads\/2020\/05\/circulo.png\" alt=\"\" width=\"15\" height=\"15\" \/> <\/strong>A mayor nivel de protecci\u00f3n mayor dificultad de respirar. LABESPORT no se hace responsable si se usa un filtro no original LABESPORT y no suministrado en el PACK o como recambio.<\/p>\n<p><strong><img loading=\"lazy\" decoding=\"async\" class=\"alignnone size-full wp-image-753\" src=\"http:\/\/pluso2urban.com\/wp-content\/uploads\/2020\/05\/circulo.png\" alt=\"\" width=\"15\" height=\"15\" \/> <\/strong>Tejidos filtrantes de mayor resistencia mec\u00e1nica deber\u00e1n ser usados s\u00f3lo por exigencia legal o bajo supervisi\u00f3n t\u00e9cnica m\u00e9dica. <strong>LABESPORT<\/strong> no se hace responsable si se usa un filtro no original <strong>LABESPORT<\/strong> y no subministrado en el PACK o como recambio.<\/p>\n<p><strong><img loading=\"lazy\" decoding=\"async\" class=\"alignnone size-full wp-image-753\" src=\"http:\/\/pluso2urban.com\/wp-content\/uploads\/2020\/05\/circulo.png\" alt=\"\" width=\"15\" height=\"15\" \/> <\/strong>No se recomienda hacer ejercicio f\u00edsico con m\u00e1scaras PlusO2 Urban equipadas con filtros IIR.[\/vc_column_text][\/vc_column][vc_column width=&#8221;1\/6&#8243;]<div class=\"row\"><div class=\"col-md-8 col-md-offset-2 col-xs-12\"><div class=\"section-title  text-center\"><h2 data-bigletter=\"\"><\/h2><\/div><\/div><\/div>[vc_single_image image=&#8221;765&#8243; img_size=&#8221;full&#8221; onclick=&#8221;zoom&#8221; css_animation=&#8221;fadeInDown&#8221;][vc_single_image image=&#8221;763&#8243; img_size=&#8221;full&#8221; onclick=&#8221;zoom&#8221; css_animation=&#8221;fadeInDown&#8221;][vc_single_image image=&#8221;761&#8243; img_size=&#8221;full&#8221; onclick=&#8221;zoom&#8221; css_animation=&#8221;fadeInDown&#8221;][vc_single_image image=&#8221;1103&#8243; img_size=&#8221;full&#8221; onclick=&#8221;zoom&#8221; css_animation=&#8221;fadeInDown&#8221;][\/vc_column][vc_column width=&#8221;1\/6&#8243;]<div class=\"row\"><div class=\"col-md-8 col-md-offset-2 col-xs-12\"><div class=\"section-title  text-center\"><h2 data-bigletter=\"\"><\/h2><\/div><\/div><\/div>[vc_single_image image=&#8221;764&#8243; img_size=&#8221;full&#8221; onclick=&#8221;zoom&#8221; css_animation=&#8221;fadeInDown&#8221;][vc_single_image image=&#8221;760&#8243; img_size=&#8221;full&#8221; onclick=&#8221;zoom&#8221; css_animation=&#8221;fadeInDown&#8221;][vc_single_image image=&#8221;762&#8243; img_size=&#8221;full&#8221; onclick=&#8221;zoom&#8221; css_animation=&#8221;fadeInDown&#8221;][vc_single_image image=&#8221;1104&#8243; img_size=&#8221;full&#8221; onclick=&#8221;zoom&#8221; css_animation=&#8221;fadeInDown&#8221;][\/vc_column][\/vc_row]<\/p>\n","protected":false},"excerpt":{"rendered":"<p>[vc_row][vc_column width=&#8221;3\/5&#8243;][vc_column_text] Cambio filtros: se recomienda su sustituci\u00f3n cada 8 horas de uso o 1 vez al d\u00eda. PLUSO2URBAN es un producto resistente pero ante un uso a temperaturas extremas de fr\u00edo o calor, puede experimentar cambios que afecten a su estructura. En caso de deformaci\u00f3n de la m\u00e1scara o sus componentes que genere desajustes [&hellip;]<\/p>\n","protected":false},"author":1,"featured_media":0,"parent":0,"menu_order":0,"comment_status":"closed","ping_status":"closed","template":"","meta":{"footnotes":""},"class_list":["post-745","page","type-page","status-publish","hentry"],"_links":{"self":[{"href":"https:\/\/pluso2urban.com\/index.php\/wp-json\/wp\/v2\/pages\/745","targetHints":{"allow":["GET"]}}],"collection":[{"href":"https:\/\/pluso2urban.com\/index.php\/wp-json\/wp\/v2\/pages"}],"about":[{"href":"https:\/\/pluso2urban.com\/index.php\/wp-json\/wp\/v2\/types\/page"}],"author":[{"embeddable":true,"href":"https:\/\/pluso2urban.com\/index.php\/wp-json\/wp\/v2\/users\/1"}],"replies":[{"embeddable":true,"href":"https:\/\/pluso2urban.com\/index.php\/wp-json\/wp\/v2\/comments?post=745"}],"version-history":[{"count":41,"href":"https:\/\/pluso2urban.com\/index.php\/wp-json\/wp\/v2\/pages\/745\/revisions"}],"predecessor-version":[{"id":1230,"href":"https:\/\/pluso2urban.com\/index.php\/wp-json\/wp\/v2\/pages\/745\/revisions\/1230"}],"wp:attachment":[{"href":"https:\/\/pluso2urban.com\/index.php\/wp-json\/wp\/v2\/media?parent=745"}],"curies":[{"name":"wp","href":"https:\/\/api.w.org\/{rel}","templated":true}]}}