{"id":783,"date":"2020-05-23T21:21:37","date_gmt":"2020-05-23T21:21:37","guid":{"rendered":"http:\/\/pluso2urban.com\/?page_id=783"},"modified":"2021-02-13T18:10:32","modified_gmt":"2021-02-13T18:10:32","slug":"mantenimiento","status":"publish","type":"page","link":"https:\/\/pluso2urban.com\/index.php\/mantenimiento\/","title":{"rendered":"MANTENIMIENTO"},"content":{"rendered":"<p>[vc_row full_height=&#8221;yes&#8221; columns_placement=&#8221;top&#8221; equal_height=&#8221;yes&#8221;][vc_column css_animation=&#8221;fadeInLeft&#8221; width=&#8221;1\/2&#8243;][vc_single_image image=&#8221;571&#8243; img_size=&#8221;large&#8221; onclick=&#8221;zoom&#8221;][\/vc_column][vc_column css_animation=&#8221;fadeInDown&#8221; width=&#8221;1\/2&#8243;]<div class=\"section-title  text-left\"><h2 data-bigletter=\"M\">MANTENIMIENTO<\/h2><hr><p>PLUSO2URBAN<\/p><\/div>[vc_column_text css_animation=&#8221;fadeInDown&#8221;]Para mantener la m\u00e1scara y sus componentes en el mejor estado posible de uso, prolongando su vida \u00fatil y manteniendo sus prestaciones, bastan unos simples consejos:<\/p>\n<p><strong>1.<\/strong> Cuando no est\u00e9 usando la m\u00e1scara y sus complementos, mant\u00e9ngala dentro de una bolsa protectora.<br \/>\n<strong>2.<\/strong> Mientras no la use, evite dejar la m\u00e1scara largos periodos expuesta a las inclemencias meteorol\u00f3gicas, especialmente evite exponerla al impacto de los rayos solares, lo cual podr\u00eda provocar su decoloraci\u00f3n o deformaci\u00f3n.<br \/>\n<strong>3.<\/strong> Para evitar la concentraci\u00f3n de olor, suciedad o humedad, tras su uso, puede lavarla con cualquier jab\u00f3n neutro v\u00e1lido para el lavado de manos o gel de ducha y tras el lavado, puede secarla con cualquier prenda de tejido suave (algod\u00f3n, microfibra) no abrasivo.<br \/>\n<strong>4.<\/strong> Evite depositar la m\u00e1scara o sus complementos bajo objetos pesados que puedan provocar su deformaci\u00f3n.<br \/>\n<strong>5.<\/strong> Desinfectable tanto qu\u00edmicamente como mec\u00e1nicamente de acuerdo con los protocolos establecidos para el COVID19. Todos los materiales que conforman los componentes pl\u00e1sticos son esterilizables tantas veces como se desee mediante inmersi\u00f3n en diluci\u00f3n 1:50 de lej\u00eda y agua o ebullici\u00f3n.<\/p>\n<p>Cambio filtros SPORT: se recomienda su sustituci\u00f3n al menos cada 8 horas o cuando est\u00e9n h\u00famedos o sucios.<\/p>\n<p>Cambio filtros IIR: se recomienda su sustituci\u00f3n cada 24 horas de uso, o cuando est\u00e9n h\u00famedos o sucios. Lavar en diluci\u00f3n 1:50 lej\u00eda y agua fr\u00eda, durante 30 minutos, secar de manera natural durante 24 horas. Soporta 29 usos sin perder propiedades.[\/vc_column_text][vc_btn title=&#8221;+ Info&#8221; style=&#8221;classic&#8221; shape=&#8221;square&#8221; size=&#8221;xs&#8221; link=&#8221;url:https%3A%2F%2Fwww.semes.org%2Finformacion-para-profesionales-sobre-covid-19%2Fprotocolos%2F||target:%20_blank|&#8221;][\/vc_column][\/vc_row][vc_row content_placement=&#8221;top&#8221;][vc_column css_animation=&#8221;fadeInDown&#8221; width=&#8221;1\/5&#8243;][vc_single_image image=&#8221;654&#8243; alignment=&#8221;center&#8221;][vc_column_text]<\/p>\n<p style=\"text-align: center;\">ALTAS TEMPERATURAS<\/p>\n<p>[\/vc_column_text][\/vc_column][vc_column css_animation=&#8221;fadeInDown&#8221; width=&#8221;1\/5&#8243;][vc_single_image image=&#8221;650&#8243; alignment=&#8221;center&#8221;][vc_column_text]<\/p>\n<p style=\"text-align: center;\">AUTOCLAVE<\/p>\n<p>[\/vc_column_text][\/vc_column][vc_column css_animation=&#8221;fadeInDown&#8221; width=&#8221;1\/5&#8243;][vc_single_image image=&#8221;652&#8243; alignment=&#8221;center&#8221;][vc_column_text]<\/p>\n<p style=\"text-align: center;\">ESTERILIZACI\u00d3N<\/p>\n<p>[\/vc_column_text][\/vc_column][vc_column css_animation=&#8221;fadeIn&#8221; width=&#8221;1\/5&#8243;][vc_single_image image=&#8221;653&#8243; alignment=&#8221;center&#8221;][vc_column_text]<\/p>\n<p style=\"text-align: center;\">LAVAVAJILLAS<\/p>\n<p>[\/vc_column_text][\/vc_column][vc_column css_animation=&#8221;fadeInDown&#8221; width=&#8221;1\/5&#8243;][vc_single_image image=&#8221;651&#8243; alignment=&#8221;center&#8221;][vc_column_text]<\/p>\n<p style=\"text-align: center;\">PRODUCTOS<br \/>\nDESINFECTANTES<\/p>\n<p>[\/vc_column_text][\/vc_column][\/vc_row]<\/p>\n","protected":false},"excerpt":{"rendered":"<p>[vc_row full_height=&#8221;yes&#8221; columns_placement=&#8221;top&#8221; equal_height=&#8221;yes&#8221;][vc_column css_animation=&#8221;fadeInLeft&#8221; width=&#8221;1\/2&#8243;][vc_single_image image=&#8221;571&#8243; img_size=&#8221;large&#8221; onclick=&#8221;zoom&#8221;][\/vc_column][vc_column css_animation=&#8221;fadeInDown&#8221; width=&#8221;1\/2&#8243;][vc_column_text css_animation=&#8221;fadeInDown&#8221;]Para mantener la m\u00e1scara y sus componentes en el mejor estado posible de uso, prolongando su vida \u00fatil y manteniendo sus prestaciones, bastan unos simples consejos: 1. Cuando no est\u00e9 usando la m\u00e1scara y sus complementos, mant\u00e9ngala dentro de una bolsa protectora. 2. Mientras [&hellip;]<\/p>\n","protected":false},"author":1,"featured_media":0,"parent":0,"menu_order":0,"comment_status":"closed","ping_status":"closed","template":"","meta":{"footnotes":""},"class_list":["post-783","page","type-page","status-publish","hentry"],"_links":{"self":[{"href":"https:\/\/pluso2urban.com\/index.php\/wp-json\/wp\/v2\/pages\/783","targetHints":{"allow":["GET"]}}],"collection":[{"href":"https:\/\/pluso2urban.com\/index.php\/wp-json\/wp\/v2\/pages"}],"about":[{"href":"https:\/\/pluso2urban.com\/index.php\/wp-json\/wp\/v2\/types\/page"}],"author":[{"embeddable":true,"href":"https:\/\/pluso2urban.com\/index.php\/wp-json\/wp\/v2\/users\/1"}],"replies":[{"embeddable":true,"href":"https:\/\/pluso2urban.com\/index.php\/wp-json\/wp\/v2\/comments?post=783"}],"version-history":[{"count":35,"href":"https:\/\/pluso2urban.com\/index.php\/wp-json\/wp\/v2\/pages\/783\/revisions"}],"predecessor-version":[{"id":1231,"href":"https:\/\/pluso2urban.com\/index.php\/wp-json\/wp\/v2\/pages\/783\/revisions\/1231"}],"wp:attachment":[{"href":"https:\/\/pluso2urban.com\/index.php\/wp-json\/wp\/v2\/media?parent=783"}],"curies":[{"name":"wp","href":"https:\/\/api.w.org\/{rel}","templated":true}]}}