{"id":907,"date":"2020-05-25T18:53:37","date_gmt":"2020-05-25T18:53:37","guid":{"rendered":"http:\/\/pluso2urban.com\/?page_id=907"},"modified":"2021-02-15T15:19:13","modified_gmt":"2021-02-15T15:19:13","slug":"proteccion-de-datos-personales","status":"publish","type":"page","link":"https:\/\/pluso2urban.com\/index.php\/proteccion-de-datos-personales\/","title":{"rendered":"PROTECCI\u00d2N DE DATOS PERSONALES"},"content":{"rendered":"<p>[vc_row][vc_column][vc_column_text]<\/p>\n<p class=\"p1\"><span class=\"s1\">LABESPORT EUROPE SL es propietaria de la website<span class=\"Apple-converted-space\">\u00a0 <\/span><span class=\"s2\">www.plusO2urban.com<\/span> y, en adelante, se har\u00e1 referencia a la misma como &#8220;<b>Labesport<\/b>&#8221; a los efectos del presente documento.<\/span><\/p>\n<p class=\"p1\"><span class=\"s1\">Labesport otorga gran importancia a la protecci\u00f3n de su vida privada y de sus datos personales y s\u00f3lo usa tales datos de sus clientes en la medida necesaria para el correcto funcionamiento del sitio web y la prestaci\u00f3n de sus productos, ofertas y servicios. Los Datos Personales a los que se refiere son toda aquella informaci\u00f3n sobre personas f\u00edsicas, que puedan ser identificadas o identificables, directa o indirectamente (en adelante denominados &#8220;<b>Datos Personales<\/b>&#8220;).<\/span><\/p>\n<p class=\"p1\"><span class=\"s1\">La recogida y tratamiento que llevamos a cabo se realiza en cumplimiento del marco legal vigente aplicable a la protecci\u00f3n de datos personales y, en particular, del Reglamento Europeo 2016\/679 de 27 de abril de 2016.<\/span><\/p>\n<p class=\"p1\"><span class=\"s1\">El objetivo de esta Pol\u00edtica de Protecci\u00f3n de Datos Personales es, por tanto, proporcionarle una descripci\u00f3n m\u00e1s detallada de nuestra forma de tratar sus Datos Personales, explicarle los casos en los que los recogemos, los motivos de su recogida y lo que hacemos con ellos (en adelante, la &#8220;<b>Pol\u00edtica<\/b>&#8220;).<\/span><\/p>\n<p class=\"p1\"><span class=\"s1\">La presente Pol\u00edtica se aplica a los clientes, prospectos y visitantes de Labesport cuando navegan por el sitio web www-plusO2urban.com<\/span><\/p>\n<p>[\/vc_column_text][\/vc_column][\/vc_row][vc_row][vc_column][vc_single_image image=&#8221;667&#8243;][\/vc_column][\/vc_row][vc_row][vc_column]<div class=\"row\"><div class=\"col-md-8 col-md-offset-2 col-xs-12\"><div class=\"section-title  text-left\"><h2 data-bigletter=\"1\">1. \u00bfQui\u00e9n procesa sus datos personales?<\/h2><\/div><\/div><\/div>[vc_column_text]<\/p>\n<p class=\"p1\"><span class=\"s1\">Labesport es responsable de la recogida y procesamiento de sus Datos Personales. Implementamos procesamientos dedicados \u00fanicamente a los servicios y a la gesti\u00f3n de las relaciones con nuestros clientes para suministrar a \u00e9stos los productos y servicios solicitados. Labesport, como titular de la web declara que no emplea cookies propias ni de terceros para ninguna finalidad.<\/span><\/p>\n<p class=\"p1\"><span class=\"s1\">Labesport aplica medidas para garantizar la confidencialidad, seguridad e integridad de los datos personales del cliente, y se compromete a que sus proveedores de servicios a los que subcontrata determinados servicios garanticen el mismo nivel de seguridad que el suyo propio, no estando tampoco autorizados a emplear cookies ni programas que permitan realizar evaluaci\u00f3n del perfil del cliente ni adaptar la publicidad o promociones a los gustos o b\u00fasquedas de \u00e9ste en la web. Labesport adoptar\u00e1 las medidas que corresponda ejercer para que cualquier proveedor de servicios se alinee con la pol\u00edtica de protecci\u00f3n de datos de Labesport en relaci\u00f3n a este Sitio.<\/span><\/p>\n<p>[\/vc_column_text][\/vc_column][\/vc_row][vc_row][vc_column][vc_single_image image=&#8221;667&#8243;][\/vc_column][\/vc_row][vc_row][vc_column]<div class=\"row\"><div class=\"col-md-8 col-md-offset-2 col-xs-12\"><div class=\"section-title  text-left\"><h2 data-bigletter=\"2\">2. \u00bfCu\u00e1ndo recogemos sus datos personales?<\/h2><\/div><\/div><\/div>[vc_column_text]<\/p>\n<p class=\"p1\"><span class=\"s1\">A lo largo de nuestra relaci\u00f3n, puede que deba proporcionarnos sus datos personales cuando:<\/span><\/p>\n<ul class=\"ul1\">\n<li class=\"li1\"><span class=\"s1\">cree una cuenta en el Sitio (cuando esta opci\u00f3n est\u00e9 operativa)<\/span><\/li>\n<li class=\"li1\"><span class=\"s1\">compre nuestros productos o servicios<\/span><\/li>\n<li class=\"li1\"><span class=\"s1\">se ponga en contacto con nuestro servicio de venta o postventa, o si presenta una reclamaci\u00f3n o, en general, cuando se ponga en contacto con nuestros equipos de atenci\u00f3n al cliente y, en general, cuando tenga cualquier otro tipo de contacto directo con nuestros equipos;<\/span><\/li>\n<li class=\"li1\"><span class=\"s1\">se suscriba a nuestra newsletter o proponga dejar opiniones en el Sitio y compartirlas con la comunidad de clientes;<\/span><\/li>\n<li class=\"li1\"><span class=\"s1\">Por la mera navegaci\u00f3n por el Sitio, en momento alguno utilizaremos cookies<\/span><\/li>\n<\/ul>\n<p>[\/vc_column_text][\/vc_column][\/vc_row][vc_row][vc_column][vc_single_image image=&#8221;667&#8243;][\/vc_column][\/vc_row][vc_row][vc_column]<div class=\"row\"><div class=\"col-md-8 col-md-offset-2 col-xs-12\"><div class=\"section-title  text-left\"><h2 data-bigletter=\"3\">3. \u00bfQu\u00e9 datos personales recogemos?<\/h2><\/div><\/div><\/div>[vc_column_text]<\/p>\n<p class=\"p1\"><span class=\"s1\">Cuando usted utiliza nuestro Sitio y nuestros servicios, recopilamos y procesamos algunos datos personales <\/span><span class=\"s2\">indispensables<\/span><span class=\"s1\"> para poder prestar el servicio. Los Datos Personales recogidos por Labesport pueden incluir los siguientes datos:<\/span><\/p>\n<ul class=\"ul1\">\n<li class=\"li1\"><span class=\"s1\">Datos nominativos de contacto: nombre, apellidos, n\u00fameros de tel\u00e9fono, direcciones postales, direcci\u00f3n de correo electr\u00f3nico.<\/span><\/li>\n<li class=\"li1\"><span class=\"s1\">Datos relativos a las transacciones realizadas en el Sitio: n\u00famero de cliente, n\u00fameros de factura, n\u00fameros de paquete, fechas, historial de pedidos, n\u00fameros de ventas y n\u00fameros de pedido.<\/span><\/li>\n<li class=\"li1\"><span class=\"s1\">Relaci\u00f3n hist\u00f3rica de correos electr\u00f3nicos establecidos por el cliente y Labesport<\/span><\/li>\n<\/ul>\n<p>[\/vc_column_text][\/vc_column][\/vc_row][vc_row][vc_column][vc_single_image image=&#8221;667&#8243;][\/vc_column][\/vc_row][vc_row][vc_column]<div class=\"row\"><div class=\"col-md-8 col-md-offset-2 col-xs-12\"><div class=\"section-title  text-left\"><h2 data-bigletter=\"4\">4. \u00bfPara qu\u00e9 fines procesamos su informaci\u00f3n personal?<\/h2><\/div><\/div><\/div>[vc_column_text]<\/p>\n<p class=\"p1\"><span class=\"s1\">Labesport s\u00f3lo procesa sus Datos Personales para una de las siguientes finalidades legalmente autorizadas:<\/span><\/p>\n<ul class=\"ul1\">\n<li class=\"li1\"><span class=\"s1\">la ejecuci\u00f3n de un contrato, por ejemplo, para procesar y ejecutar un pedido;<\/span><\/li>\n<li class=\"li1\"><span class=\"s1\">el cumplimiento de una obligaci\u00f3n legal, por ejemplo, la conservaci\u00f3n de facturas a efectos fiscales y mercantiles;<\/span><\/li>\n<li class=\"li1\"><span class=\"s1\">en el inter\u00e9s leg\u00edtimo de Labesport, para acreditar la existencia de un pedido y sus particularidades,<span class=\"Apple-converted-space\">\u00a0 <\/span>las condiciones de la venta, la prevenci\u00f3n de fraudes, una reclamaci\u00f3n o una solicitud de informaci\u00f3n<\/span><\/li>\n<li class=\"li1\"><span class=\"s1\">LABESPORT no almacena datos bancarios de sus clientes, salvo que est\u00e9n relacionados con las finalidades anteriores.<\/span><\/li>\n<\/ul>\n<p>[\/vc_column_text][\/vc_column][\/vc_row][vc_row][vc_column][vc_single_image image=&#8221;667&#8243;][\/vc_column][\/vc_row][vc_row][vc_column]<div class=\"row\"><div class=\"col-md-8 col-md-offset-2 col-xs-12\"><div class=\"section-title  text-left\"><h2 data-bigletter=\"5\">5. \u00bfCu\u00e1nto tiempo se conservar\u00e1n sus datos personales?<\/h2><\/div><\/div><\/div>[vc_column_text]<\/p>\n<p class=\"p1\"><span class=\"s1\">A los efectos del procesamiento relacionado en particular con la creaci\u00f3n de su cuenta de cliente y el historial de sus transacciones en el Sitio, sus Datos Personales se conservan durante el tiempo que usted sea un cliente &#8220;activo&#8221; y durante un per\u00edodo de (6) seis a\u00f1os a partir de su \u00faltima actividad facturada.<\/span><\/p>\n<p class=\"p1\"><span class=\"s1\">A efectos de facturaci\u00f3n, contabilidad e impuestos, sus datos personales se conservan durante un per\u00edodo de (6) seis a\u00f1os en cumplimiento de las obligaciones legales.<\/span><\/p>\n<p class=\"p1\"><span class=\"s1\">Sus comunicaciones se conservan durante el tiempo necesario para la finalidad para la cual est\u00e1n destinadas y hasta un m\u00e1ximo de 6 meses. Estos registros se conservan de forma segura y s\u00f3lo las personas autorizadas, dentro de los l\u00edmites de sus respectivas competencias, tienen acceso a ellos.<\/span><\/p>\n<p>[\/vc_column_text][\/vc_column][\/vc_row][vc_row][vc_column][vc_single_image image=&#8221;667&#8243;][\/vc_column][\/vc_row][vc_row][vc_column]<div class=\"row\"><div class=\"col-md-8 col-md-offset-2 col-xs-12\"><div class=\"section-title  text-left\"><h2 data-bigletter=\"6\">6. \u00bfA qui\u00e9n transferimos sus datos personales?<\/h2><\/div><\/div><\/div>[vc_column_text]<\/p>\n<p class=\"p1\"><span class=\"s1\">No compartimos sus Datos Personales con terceros ajenos a nuestros servicios o departamentos internos, los cuales est\u00e1n debidamente autorizados para procesar sus Datos Personales para las finalidades espec\u00edficas a las que se hace referencia en la secci\u00f3n 3.<\/span><\/p>\n<p class=\"p1\"><span class=\"s1\">Dicho lo anterior, podemos transferir sus Datos Personales a proveedores de servicios externos debidamente autorizados con los que trabajamos para poder prestar el servicio o producto solicitado, es decir, a ciertos proveedores de servicios especializados para las siguientes finalidades espec\u00edficas:<\/span><\/p>\n<ul class=\"ul1\">\n<li class=\"li1\"><span class=\"s1\">transacciones bancarias (por ejemplo, bancos, proveedores de servicios de pago);<\/span><\/li>\n<li class=\"li1\"><span class=\"s1\">gesti\u00f3n de las relaciones con los clientes (por ejemplo, centros de llamadas);;<\/span><\/li>\n<li class=\"li1\"><span class=\"s1\">la entrega de productos (almacenamiento, log\u00edstica, transportistas);<\/span><\/li>\n<li class=\"li1\"><span class=\"s1\">informaci\u00f3n (por ejemplo, el env\u00edo del correo electr\u00f3nico de confirmaci\u00f3n de pedido), y<\/span><\/li>\n<li class=\"li1\"><span class=\"s1\">experiencia del cliente (por ejemplo, env\u00edo de encuestas de satisfacci\u00f3n para medir la satisfacci\u00f3n del cliente con nuestra marca, o reflejar <b>opiniones sobre nuestros productos o servicios<\/b>).<\/span><\/li>\n<\/ul>\n<p class=\"p1\"><span class=\"s1\">En este \u00faltimo caso, Labesport o sus subcontratistas tienen la posibilidad de ponerse en contacto con el Usuario por correo electr\u00f3nico para invitarle, sin contrapartida, a presentar una opini\u00f3n relativa a la relaci\u00f3n calidad\/precio del Producto adquirido en el Sitio o a compartir su experiencia como cliente de Labesport.<\/span><\/p>\n<p class=\"p1\"><span class=\"s1\">La sumisi\u00f3n de una opini\u00f3n est\u00e1 reservada \u00fanicamente a los clientes de Labesport, opini\u00f3n la cual debe necesariamente relacionarse con una experiencia de consumo vivida personal e individualmente.<\/span><\/p>\n<p class=\"p1\"><span class=\"s1\">Labesport invita al Usuario a proteger su privacidad y a no divulgar informaci\u00f3n sobre sus datos personales (nombre, tel\u00e9fono, correo electr\u00f3nico, direcci\u00f3n postal, etc.) en las opiniones publicadas en el Sitio.<\/span><\/p>\n<p class=\"p1\"><span class=\"s1\">El Usuario acepta que Labesport y sus subcontratistas debidamente autorizados puedan utilizar su direcci\u00f3n de correo electr\u00f3nico para: invitarle a publicar opiniones, ponerse en contacto con \u00e9l para notificarle la publicaci\u00f3n o negativa de publicaci\u00f3n de su opini\u00f3n, aportar una respuesta a su opini\u00f3n, etc.<\/span><\/p>\n<p class=\"p1\"><span class=\"s1\">Todas las opiniones expresadas por el Usuario son potencialmente publicadas durante un per\u00edodo de tres (3) a\u00f1os a partir de su sumisi\u00f3n, per\u00edodo que corresponde al tiempo de referencia del Producto cubierto por la opini\u00f3n. Las opiniones ser\u00e1n conservadas por Labesport durante el tiempo necesario para su explotaci\u00f3n.<\/span><\/p>\n<p class=\"p1\"><span class=\"s1\">Cuando utilizamos proveedores de servicios internacionales ubicados fuera de la Uni\u00f3n Europea, se adoptan todas las medidas y formalidades necesarias para garantizar y proteger la confidencialidad de sus Datos Personales y para asegurar la seguridad de la transferencia de los mismos.<\/span><\/p>\n<p>[\/vc_column_text][\/vc_column][\/vc_row][vc_row][vc_column][vc_single_image image=&#8221;667&#8243;][\/vc_column][\/vc_row][vc_row][vc_column]<div class=\"row\"><div class=\"col-md-8 col-md-offset-2 col-xs-12\"><div class=\"section-title  text-left\"><h2 data-bigletter=\"7\">7. \u00bfCu\u00e1les son sus derechos y c\u00f3mo puede ejercerlos?<\/h2><\/div><\/div><\/div>[vc_column_text]<\/p>\n<p class=\"p1\"><span class=\"s1\">Usted dispone de un derecho a la informaci\u00f3n, as\u00ed como un derecho de acceso, rectificaci\u00f3n, limitaci\u00f3n, oposici\u00f3n, borrado, supresi\u00f3n y portabilidad de sus Datos Personales, que podr\u00e1 ejercer por motivos leg\u00edtimos, y con sujeci\u00f3n a los motivos leg\u00edtimos e imperiosos que Labesport pudiere justificar para conservar sus Datos Personales.<\/span><\/p>\n<p class=\"p1\"><span class=\"s1\">Tiene derecho a solicitar:<\/span><\/p>\n<ul class=\"ul1\">\n<li class=\"li1\"><span class=\"s1\"><b>El acceso y la rectificaci\u00f3n<\/b> de sus Datos Personales. El cliente puede consultar y modificar sus datos personales en cualquier momento solicit\u00e1ndolo por medio de mail dirigido a <span class=\"s3\">info@labesport.com<\/span>, adjuntando una prueba de identidad generalmente admitida como el DNI o equivalente<\/span><\/li>\n<li class=\"li1\"><span class=\"s1\"><b>La supresi\u00f3n<\/b> de sus datos personales, por el mismo conducto v\u00eda mail anterior.<\/span><\/li>\n<li class=\"li1\"><span class=\"s1\">Ejercer su <b>derecho de oposici\u00f3n<\/b> a los tratamientos utilizados con fines de prospecci\u00f3n comercial mediante mail dirigido a <span class=\"s3\">info@labesport.com<\/span>, adjuntando una prueba de identidad generalmente admitida como el DNI o equivalente<\/span><\/li>\n<li class=\"li1\"><span class=\"s1\">Ejercer su <b>derecho a la portabilidad<\/b>, por mail dirigido a <span class=\"s3\">info@labesport.com<\/span>, adjuntando una prueba de identidad generalmente admitida como el DNI o equivalente<\/span><\/li>\n<li class=\"li1\"><span class=\"s1\">La revocaci\u00f3n de su <b>consentimiento, mediante mail <\/b>dirigido a <span class=\"s3\">info@labesport.com<\/span>, adjuntando una prueba de identidad generalmente admitida como el DNI o equivalente.<\/span><\/li>\n<\/ul>\n<p class=\"p2\"><span class=\"s1\">Tenga en cuenta que la revocaci\u00f3n de su consentimiento, posible en cualquier momento, no afectar\u00e1 a la legalidad de las operaciones de tratamiento llevadas a cabo antes de la revocaci\u00f3n de su consentimiento, as\u00ed como a la obligaci\u00f3n de guardar sus datos a los fines legales previstos (obligaciones fiscales, mercantiles y contables)<\/span><\/p>\n<p class=\"p1\"><span class=\"s1\">Le enviaremos una respuesta dentro de un plazo de (1) mes a partir de la fecha en que recibamos su solicitud. En algunos casos, debido a la complejidad de la solicitud o al n\u00famero de solicitudes, este plazo podr\u00e1 ampliarse en 2 meses por razones excepcionales.<\/span><\/p>\n<p class=\"p1\"><span class=\"s1\">En caso de reclamaci\u00f3n, puede ponerse en contacto con el <b>Responsable de la protecci\u00f3n de datos de Labesport<\/b> por correo electr\u00f3nico en la siguiente direcci\u00f3n <span class=\"s3\">info@labesport.com<\/span><\/span><\/p>\n<p class=\"p1\"><span class=\"s1\">Si considera que el tratamiento de sus datos no ha cumplido con la normativa vigente, puede presentar en cualquier momento una reclamaci\u00f3n ante la autoridad de control competente (en Espa\u00f1a, la AEPD).<\/span><\/p>\n<p>[\/vc_column_text][\/vc_column][\/vc_row][vc_row][vc_column][vc_single_image image=&#8221;667&#8243;][\/vc_column][\/vc_row][vc_row][vc_column]<div class=\"row\"><div class=\"col-md-8 col-md-offset-2 col-xs-12\"><div class=\"section-title  text-left\"><h2 data-bigletter=\"8\">8. Declaraci\u00f3n final<\/h2><\/div><\/div><\/div>[vc_column_text]<\/p>\n<p class=\"p1\"><span class=\"s1\">Labesport se reserva el derecho de modificar su Pol\u00edtica de Protecci\u00f3n de Datos Personales en cualquier momento, y publicar\u00e1 la versi\u00f3n modificada en su Sitio.<\/span><\/p>\n<p class=\"p1\"><span class=\"s1\"><b>\u00daltima actualizaci\u00f3n el 25 de Marzo de 2020<\/b><\/span><\/p>\n<p class=\"p1\"><span class=\"s1\">Copyright 2020 &#8211; LABESPORT EUROPE SL &#8211; Todos los derechos reservados<\/span><\/p>\n<p>[\/vc_column_text][\/vc_column][\/vc_row]<\/p>\n","protected":false},"excerpt":{"rendered":"<p>[vc_row][vc_column][vc_column_text] LABESPORT EUROPE SL es propietaria de la website\u00a0 www.plusO2urban.com y, en adelante, se har\u00e1 referencia a la misma como &#8220;Labesport&#8221; a los efectos del presente documento. Labesport otorga gran importancia a la protecci\u00f3n de su vida privada y de sus datos personales y s\u00f3lo usa tales datos de sus clientes en la medida necesaria [&hellip;]<\/p>\n","protected":false},"author":1,"featured_media":608,"parent":0,"menu_order":0,"comment_status":"closed","ping_status":"closed","template":"","meta":{"footnotes":""},"class_list":["post-907","page","type-page","status-publish","has-post-thumbnail","hentry"],"_links":{"self":[{"href":"https:\/\/pluso2urban.com\/index.php\/wp-json\/wp\/v2\/pages\/907","targetHints":{"allow":["GET"]}}],"collection":[{"href":"https:\/\/pluso2urban.com\/index.php\/wp-json\/wp\/v2\/pages"}],"about":[{"href":"https:\/\/pluso2urban.com\/index.php\/wp-json\/wp\/v2\/types\/page"}],"author":[{"embeddable":true,"href":"https:\/\/pluso2urban.com\/index.php\/wp-json\/wp\/v2\/users\/1"}],"replies":[{"embeddable":true,"href":"https:\/\/pluso2urban.com\/index.php\/wp-json\/wp\/v2\/comments?post=907"}],"version-history":[{"count":23,"href":"https:\/\/pluso2urban.com\/index.php\/wp-json\/wp\/v2\/pages\/907\/revisions"}],"predecessor-version":[{"id":1245,"href":"https:\/\/pluso2urban.com\/index.php\/wp-json\/wp\/v2\/pages\/907\/revisions\/1245"}],"wp:featuredmedia":[{"embeddable":true,"href":"https:\/\/pluso2urban.com\/index.php\/wp-json\/wp\/v2\/media\/608"}],"wp:attachment":[{"href":"https:\/\/pluso2urban.com\/index.php\/wp-json\/wp\/v2\/media?parent=907"}],"curies":[{"name":"wp","href":"https:\/\/api.w.org\/{rel}","templated":true}]}}